{"id":4084,"date":"2021-06-10T19:17:11","date_gmt":"2021-06-10T16:17:11","guid":{"rendered":"https:\/\/www.athroisis.eu\/use-of-cookies\/"},"modified":"2021-07-15T11:55:24","modified_gmt":"2021-07-15T08:55:24","slug":"use-of-cookies","status":"publish","type":"page","link":"https:\/\/www.athroisis.eu\/de\/use-of-cookies\/","title":{"rendered":"Verwendung von Cookies"},"content":{"rendered":"<p><section id=\"bt_bb_section69f4ff7eb0f87\" data-parallax=\"0.6\" data-parallax-offset=\"0\" class=\"bt_bb_section bt_bb_color_scheme_10 bt_bb_layout_boxed_1200 bt_bb_bottom_coverage_left_triangle bt_bb_vertical_align_top bt_bb_background_image bt_bb_parallax bt_bb_top_spacing_large bt_bb_bottom_spacing_large\" style=\"background-image:url(&#039;https:\/\/www.athroisis.eu\/wp-content\/uploads\/top-home.jpg&#039;);; --section-primary-color:#ffffff; --section-secondary-color:#2457a0;\" data-bt-override-class=\"null\"><div class=\"bt_bb_port\"><div class=\"bt_bb_cell\"><div class=\"bt_bb_cell_inner\"><div class=\"bt_bb_row \"  data-bt-override-class=\"{}\"><div class=\"bt_bb_row_holder\" ><div  class=\"bt_bb_column col-xxl-8 col-xl-8 col-xs-12 col-sm-12 col-md-12 col-lg-8 bt_bb_vertical_align_middle bt_bb_align_left bt_bb_padding_normal bt_bb_animation_fade_in animate\" style=\"z-index: 1;; --column-width:8;\" data-width=\"8\" data-bt-override-class=\"{}\"><div class=\"bt_bb_column_content\"><div class=\"bt_bb_column_content_inner\"><div class=\"bt_bb_separator bt_bb_border_style_none bt_bb_bottom_spacing_medium\" data-bt-override-class=\"null\"><\/div><header class=\"bt_bb_headline bt_bb_color_scheme_10 bt_bb_dash_none bt_bb_size_extralarge bt_bb_align_inherit\" style=\"; --headline-primary-color:#ffffff; --headline-secondary-color:#2457a0;\" data-bt-override-class=\"{}\"><h1 class=\"bt_bb_headline_tag\"><span class=\"bt_bb_headline_content\"><span>Vertrauen Aufbauen <strong>\u00fcber Jahre Hinweg<\/strong><\/span><\/span><\/h1><\/header><div class=\"bt_bb_separator bt_bb_border_style_none bt_bb_bottom_spacing_normal\" data-bt-override-class=\"null\"><\/div><header class=\"bt_bb_headline bt_bb_dash_none bt_bb_size_small bt_bb_align_inherit\" data-bt-override-class=\"{}\"><h2 style=\"font-size:21px\" class=\"bt_bb_headline_tag\"><span class=\"bt_bb_headline_content\"><span>BERATUNG BEI STRATEGISCHEN ANGELEGENHEITEN<\/span><\/span><\/h2><\/header><div class=\"bt_bb_separator bt_bb_border_style_none bt_bb_bottom_spacing_30\" data-bt-override-class=\"null\"><\/div><header class=\"bt_bb_headline bt_bb_subtitle_font_weight_normal bt_bb_dash_none bt_bb_size_extralarge btNoHeadline bt_bb_subheadline bt_bb_align_inherit\" data-bt-override-class=\"{}\"><div class=\"bt_bb_headline_subheadline\">Athroisis is a strategic EU advisory firm that offers a 360\u00b0 unique expertise to help our Clients make the best decisions in a complex and volatile European and international landscape<\/div><\/header><div class=\"bt_bb_separator bt_bb_border_style_none bt_bb_bottom_spacing_50\" data-bt-override-class=\"null\"><\/div><div class=\"bt_bb_button bt_bb_color_scheme_6 bt_bb_icon_position_left bt_bb_style_filled bt_bb_size_normal bt_bb_width_inline bt_bb_shape_inherit bt_bb_target_self bt_bb_align_inherit bt_bb_icon_style_filled btWithIcon\" style=\"; --primary-color:#ffffff; --secondary-color:#193e71;\" data-bt-override-class=\"{&quot;bt_bb_size_&quot;:{&quot;current_class&quot;:&quot;bt_bb_size_normal&quot;,&quot;def&quot;:&quot;normal&quot;,&quot;xl&quot;:&quot;normal&quot;},&quot;bt_bb_align_&quot;:{&quot;current_class&quot;:&quot;bt_bb_align_inherit&quot;,&quot;def&quot;:&quot;inherit&quot;,&quot;xl&quot;:&quot;inherit&quot;}}\"><a href=\"\/de\/contact\" target=\"_self\" class=\"bt_bb_link\" title=\"Buchen Sie eine Strategiesitzung\"><span class=\"bt_bb_button_text\" >Buchen Sie eine Strategiesitzung<\/span><span  data-ico-fontawesome5regular=\"&#xf017;\" class=\"bt_bb_icon_holder\"><\/span><\/a><\/div><div class=\"bt_bb_separator bt_bb_border_style_none bt_bb_bottom_spacing_medium\" data-bt-override-class=\"null\"><\/div><div class=\"bt_bb_separator bt_bb_border_style_none bt_bb_bottom_spacing_normal\" data-bt-override-class=\"null\"><\/div><\/div><\/div><\/div><div  class=\"bt_bb_column col-xxl-4 col-xl-4 col-xs-12 col-sm-12 col-md-12 col-lg-4 bt_bb_vertical_align_top bt_bb_align_left bt_bb_padding_normal\" style=\"; --column-width:4;\" data-width=\"4\" data-bt-override-class=\"{}\"><div class=\"bt_bb_column_content\"><div class=\"bt_bb_column_content_inner\"><\/div><\/div><\/div><\/div><\/div><\/div><\/div><\/div><div class=\"bt_bb_section_bottom_coverage\" ><\/div><\/section><section id=\"bt_bb_section69f4ff7eb1693\"  class=\"bt_bb_section bt_bb_layout_boxed_1200\"  data-bt-override-class=\"null\"><div class=\"bt_bb_port\"><div class=\"bt_bb_cell\"><div class=\"bt_bb_cell_inner\"><div class=\"bt_bb_row \"  data-bt-override-class=\"{}\"><div class=\"bt_bb_row_holder\" ><div  class=\"bt_bb_column col-xxl-12 col-xl-12 col-xs-12 col-sm-12 col-md-12 col-lg-12 bt_bb_vertical_align_top bt_bb_align_left bt_bb_padding_normal\" style=\"; --column-width:12;\" data-width=\"12\" data-bt-override-class=\"{}\"><div class=\"bt_bb_column_content\"><div class=\"bt_bb_column_content_inner\"><div class=\"bt_bb_separator bt_bb_border_style_none bt_bb_top_spacing_normal bt_bb_bottom_spacing_large\" data-bt-override-class=\"null\"><\/div><div  class=\"bt_bb_text\" ><\/p>\n<h5>Unsere Website verwendet Cookies, um auf bestimmte Informationen zugreifen zu k\u00f6nnen, wenn der Benutzer\/Besucher auf den Seiten navigiert.<\/h5>\n<p>Cookies sind kleine alphanumerische Textdateien, die auf der Festplatte des Computers\/Ger\u00e4tes des Benutzers\/Besuchers gespeichert werden. Sie greifen nicht auf ein Dokument oder eine Datei auf dem Computer zu. Sie werden verwendet, um Statistiken zu f\u00fchren, die notwendig sind, um die Dienstleistungen unserer Website zu erbringen und dem Benutzer\/Besucher den Zugang zu ihr zu erleichtern, sowie um festzustellen, in welchen Bereichen unsere Website n\u00fctzlicher oder beliebter sein kann. Au\u00dferdem helfen sie uns im Bereich des Marketings. Cookies k\u00f6nnen auch die IPAdresse des Computers\/Ger\u00e4tes des Benutzers\/Besuchers aufzeichnen, wiederum f\u00fcr die Sammlung von Statistiken.<\/p>\n<p>Wenn Sie keine Sammlung von Informationen durch Cookies w\u00fcnschen, dann k\u00f6nnen Sie die Einstellungen Ihres Browsers nutzen, um die bereits vorhandenen Cookies zu l\u00f6schen. Au\u00dferdem k\u00f6nnen Sie w\u00e4hlen, ob Sie die Cookies automatisch akzeptieren oder ablehnen oder f\u00fcr jedes Cookie einzeln entscheiden wollen. Wenn Sie die Verwendung von Cookies durch unsere Website nicht akzeptieren, kann es zu Problemen beim Zugriff auf einige oder alle Dienste kommen und die Navigation auf den Seiten kann sich als schwierig oder in manchen F\u00e4llen sogar unm\u00f6glich erweisen.<\/p>\n<hr \/>\n<p><em>Hinweis: Die obige Richtlinie entspricht den Anforderungen der Allgemeiner Datenschutz Regelung.<\/em><\/p>\n<p>\n<\/div><div class=\"bt_bb_separator bt_bb_border_style_none bt_bb_top_spacing_normal bt_bb_bottom_spacing_normal\" data-bt-override-class=\"null\"><\/div><\/div><\/div><\/div><\/div><\/div><\/div><\/div><\/div><\/section><\/p>\n","protected":false},"excerpt":{"rendered":"","protected":false},"author":4,"featured_media":0,"parent":0,"menu_order":0,"comment_status":"closed","ping_status":"closed","template":"","meta":{"footnotes":""},"class_list":["post-4084","page","type-page","status-publish","hentry"],"yoast_head":"<!-- This site is optimized with the Yoast SEO plugin v26.9 - https:\/\/yoast.com\/product\/yoast-seo-wordpress\/ -->\n<title>Strategic European Affairs - Athroisis<\/title>\n<meta name=\"description\" content=\"Athroisis is a strategic EU advisory firm that offers a 360\u00b0 unique expertise to help our Clients make the best decisions in a complex and volatile European and international landscape.\" \/>\n<meta name=\"robots\" content=\"index, follow, max-snippet:-1, max-image-preview:large, max-video-preview:-1\" \/>\n<link rel=\"canonical\" href=\"https:\/\/www.athroisis.eu\/de\/use-of-cookies\/\" \/>\n<meta property=\"og:locale\" content=\"de_DE\" \/>\n<meta property=\"og:type\" content=\"article\" \/>\n<meta property=\"og:title\" content=\"Strategic European Affairs - Athroisis\" \/>\n<meta property=\"og:description\" content=\"Athroisis is a strategic EU advisory firm that offers a 360\u00b0 unique expertise to help our Clients make the best decisions in a complex and volatile European and international landscape.\" \/>\n<meta property=\"og:url\" content=\"https:\/\/www.athroisis.eu\/de\/use-of-cookies\/\" \/>\n<meta property=\"og:site_name\" content=\"Athroisis\" \/>\n<meta property=\"article:modified_time\" content=\"2021-07-15T08:55:24+00:00\" \/>\n<meta name=\"twitter:card\" content=\"summary_large_image\" \/>\n<meta name=\"twitter:label1\" content=\"Gesch\u00e4tzte Lesezeit\" \/>\n\t<meta name=\"twitter:data1\" content=\"5\u00a0Minuten\" \/>\n<script type=\"application\/ld+json\" class=\"yoast-schema-graph\">{\"@context\":\"https:\/\/schema.org\",\"@graph\":[{\"@type\":\"WebPage\",\"@id\":\"https:\/\/www.athroisis.eu\/de\/use-of-cookies\/\",\"url\":\"https:\/\/www.athroisis.eu\/de\/use-of-cookies\/\",\"name\":\"Strategic European Affairs - Athroisis\",\"isPartOf\":{\"@id\":\"https:\/\/www.athroisis.eu\/#website\"},\"datePublished\":\"2021-06-10T16:17:11+00:00\",\"dateModified\":\"2021-07-15T08:55:24+00:00\",\"description\":\"Athroisis is a strategic EU advisory firm that offers a 360\u00b0 unique expertise to help our Clients make the best decisions in a complex and volatile European and international landscape.\",\"breadcrumb\":{\"@id\":\"https:\/\/www.athroisis.eu\/de\/use-of-cookies\/#breadcrumb\"},\"inLanguage\":\"de\",\"potentialAction\":[{\"@type\":\"ReadAction\",\"target\":[\"https:\/\/www.athroisis.eu\/de\/use-of-cookies\/\"]}]},{\"@type\":\"BreadcrumbList\",\"@id\":\"https:\/\/www.athroisis.eu\/de\/use-of-cookies\/#breadcrumb\",\"itemListElement\":[{\"@type\":\"ListItem\",\"position\":1,\"name\":\"Home\",\"item\":\"https:\/\/www.athroisis.eu\/de\/\"},{\"@type\":\"ListItem\",\"position\":2,\"name\":\"Verwendung von Cookies\"}]},{\"@type\":\"WebSite\",\"@id\":\"https:\/\/www.athroisis.eu\/#website\",\"url\":\"https:\/\/www.athroisis.eu\/\",\"name\":\"Athroisis\",\"description\":\"Strategic EU Advisory Firm\",\"publisher\":{\"@id\":\"https:\/\/www.athroisis.eu\/#organization\"},\"potentialAction\":[{\"@type\":\"SearchAction\",\"target\":{\"@type\":\"EntryPoint\",\"urlTemplate\":\"https:\/\/www.athroisis.eu\/?s={search_term_string}\"},\"query-input\":{\"@type\":\"PropertyValueSpecification\",\"valueRequired\":true,\"valueName\":\"search_term_string\"}}],\"inLanguage\":\"de\"},{\"@type\":\"Organization\",\"@id\":\"https:\/\/www.athroisis.eu\/#organization\",\"name\":\"Athroisis\",\"url\":\"https:\/\/www.athroisis.eu\/\",\"logo\":{\"@type\":\"ImageObject\",\"inLanguage\":\"de\",\"@id\":\"https:\/\/www.athroisis.eu\/#\/schema\/logo\/image\/\",\"url\":\"https:\/\/www.athroisis.eu\/wp-content\/uploads\/cs-logo.png\",\"contentUrl\":\"https:\/\/www.athroisis.eu\/wp-content\/uploads\/cs-logo.png\",\"width\":700,\"height\":512,\"caption\":\"Athroisis\"},\"image\":{\"@id\":\"https:\/\/www.athroisis.eu\/#\/schema\/logo\/image\/\"}}]}<\/script>\n<!-- \/ Yoast SEO plugin. -->","yoast_head_json":{"title":"Strategic European Affairs - Athroisis","description":"Athroisis is a strategic EU advisory firm that offers a 360\u00b0 unique expertise to help our Clients make the best decisions in a complex and volatile European and international landscape.","robots":{"index":"index","follow":"follow","max-snippet":"max-snippet:-1","max-image-preview":"max-image-preview:large","max-video-preview":"max-video-preview:-1"},"canonical":"https:\/\/www.athroisis.eu\/de\/use-of-cookies\/","og_locale":"de_DE","og_type":"article","og_title":"Strategic European Affairs - Athroisis","og_description":"Athroisis is a strategic EU advisory firm that offers a 360\u00b0 unique expertise to help our Clients make the best decisions in a complex and volatile European and international landscape.","og_url":"https:\/\/www.athroisis.eu\/de\/use-of-cookies\/","og_site_name":"Athroisis","article_modified_time":"2021-07-15T08:55:24+00:00","twitter_card":"summary_large_image","twitter_misc":{"Gesch\u00e4tzte Lesezeit":"5\u00a0Minuten"},"schema":{"@context":"https:\/\/schema.org","@graph":[{"@type":"WebPage","@id":"https:\/\/www.athroisis.eu\/de\/use-of-cookies\/","url":"https:\/\/www.athroisis.eu\/de\/use-of-cookies\/","name":"Strategic European Affairs - Athroisis","isPartOf":{"@id":"https:\/\/www.athroisis.eu\/#website"},"datePublished":"2021-06-10T16:17:11+00:00","dateModified":"2021-07-15T08:55:24+00:00","description":"Athroisis is a strategic EU advisory firm that offers a 360\u00b0 unique expertise to help our Clients make the best decisions in a complex and volatile European and international landscape.","breadcrumb":{"@id":"https:\/\/www.athroisis.eu\/de\/use-of-cookies\/#breadcrumb"},"inLanguage":"de","potentialAction":[{"@type":"ReadAction","target":["https:\/\/www.athroisis.eu\/de\/use-of-cookies\/"]}]},{"@type":"BreadcrumbList","@id":"https:\/\/www.athroisis.eu\/de\/use-of-cookies\/#breadcrumb","itemListElement":[{"@type":"ListItem","position":1,"name":"Home","item":"https:\/\/www.athroisis.eu\/de\/"},{"@type":"ListItem","position":2,"name":"Verwendung von Cookies"}]},{"@type":"WebSite","@id":"https:\/\/www.athroisis.eu\/#website","url":"https:\/\/www.athroisis.eu\/","name":"Athroisis","description":"Strategic EU Advisory Firm","publisher":{"@id":"https:\/\/www.athroisis.eu\/#organization"},"potentialAction":[{"@type":"SearchAction","target":{"@type":"EntryPoint","urlTemplate":"https:\/\/www.athroisis.eu\/?s={search_term_string}"},"query-input":{"@type":"PropertyValueSpecification","valueRequired":true,"valueName":"search_term_string"}}],"inLanguage":"de"},{"@type":"Organization","@id":"https:\/\/www.athroisis.eu\/#organization","name":"Athroisis","url":"https:\/\/www.athroisis.eu\/","logo":{"@type":"ImageObject","inLanguage":"de","@id":"https:\/\/www.athroisis.eu\/#\/schema\/logo\/image\/","url":"https:\/\/www.athroisis.eu\/wp-content\/uploads\/cs-logo.png","contentUrl":"https:\/\/www.athroisis.eu\/wp-content\/uploads\/cs-logo.png","width":700,"height":512,"caption":"Athroisis"},"image":{"@id":"https:\/\/www.athroisis.eu\/#\/schema\/logo\/image\/"}}]}},"_links":{"self":[{"href":"https:\/\/www.athroisis.eu\/de\/wp-json\/wp\/v2\/pages\/4084","targetHints":{"allow":["GET"]}}],"collection":[{"href":"https:\/\/www.athroisis.eu\/de\/wp-json\/wp\/v2\/pages"}],"about":[{"href":"https:\/\/www.athroisis.eu\/de\/wp-json\/wp\/v2\/types\/page"}],"author":[{"embeddable":true,"href":"https:\/\/www.athroisis.eu\/de\/wp-json\/wp\/v2\/users\/4"}],"replies":[{"embeddable":true,"href":"https:\/\/www.athroisis.eu\/de\/wp-json\/wp\/v2\/comments?post=4084"}],"version-history":[{"count":3,"href":"https:\/\/www.athroisis.eu\/de\/wp-json\/wp\/v2\/pages\/4084\/revisions"}],"predecessor-version":[{"id":4091,"href":"https:\/\/www.athroisis.eu\/de\/wp-json\/wp\/v2\/pages\/4084\/revisions\/4091"}],"wp:attachment":[{"href":"https:\/\/www.athroisis.eu\/de\/wp-json\/wp\/v2\/media?parent=4084"}],"curies":[{"name":"wp","href":"https:\/\/api.w.org\/{rel}","templated":true}]}}