{"id":4083,"date":"2021-06-10T19:17:11","date_gmt":"2021-06-10T16:17:11","guid":{"rendered":"https:\/\/www.athroisis.eu\/use-of-cookies\/"},"modified":"2021-07-16T11:45:35","modified_gmt":"2021-07-16T08:45:35","slug":"use-of-cookies","status":"publish","type":"page","link":"https:\/\/www.athroisis.eu\/fr\/use-of-cookies\/","title":{"rendered":"Utilisation des cookies"},"content":{"rendered":"<p><section id=\"bt_bb_section69f5004eb3e98\" data-parallax=\"0.6\" data-parallax-offset=\"0\" class=\"bt_bb_section bt_bb_color_scheme_10 bt_bb_layout_boxed_1200 bt_bb_bottom_coverage_left_triangle bt_bb_vertical_align_top bt_bb_background_image bt_bb_parallax bt_bb_top_spacing_large bt_bb_bottom_spacing_large\" style=\"background-image:url(&#039;https:\/\/www.athroisis.eu\/wp-content\/uploads\/top-home.jpg&#039;);; --section-primary-color:#ffffff; --section-secondary-color:#2457a0;\" data-bt-override-class=\"null\"><div class=\"bt_bb_port\"><div class=\"bt_bb_cell\"><div class=\"bt_bb_cell_inner\"><div class=\"bt_bb_row \"  data-bt-override-class=\"{}\"><div class=\"bt_bb_row_holder\" ><div  class=\"bt_bb_column col-xxl-8 col-xl-8 col-xs-12 col-sm-12 col-md-12 col-lg-8 bt_bb_vertical_align_middle bt_bb_align_left bt_bb_padding_normal bt_bb_animation_fade_in animate\" style=\"z-index: 1;; --column-width:8;\" data-width=\"8\" data-bt-override-class=\"{}\"><div class=\"bt_bb_column_content\"><div class=\"bt_bb_column_content_inner\"><div class=\"bt_bb_separator bt_bb_border_style_none bt_bb_bottom_spacing_medium\" data-bt-override-class=\"null\"><\/div><header class=\"bt_bb_headline bt_bb_color_scheme_10 bt_bb_dash_none bt_bb_size_extralarge bt_bb_align_inherit\" style=\"; --headline-primary-color:#ffffff; --headline-secondary-color:#2457a0;\" data-bt-override-class=\"{}\"><h1 class=\"bt_bb_headline_tag\"><span class=\"bt_bb_headline_content\"><span>Construire la Confiance <strong>au fil du Temps<\/strong><\/span><\/span><\/h1><\/header><div class=\"bt_bb_separator bt_bb_border_style_none bt_bb_bottom_spacing_normal\" data-bt-override-class=\"null\"><\/div><header class=\"bt_bb_headline bt_bb_dash_none bt_bb_size_small bt_bb_align_inherit\" data-bt-override-class=\"{}\"><h2 style=\"font-size:21px\" class=\"bt_bb_headline_tag\"><span class=\"bt_bb_headline_content\"><span>STRATEGIC EUROPEAN AFFAIRS<\/span><\/span><\/h2><\/header><div class=\"bt_bb_separator bt_bb_border_style_none bt_bb_bottom_spacing_30\" data-bt-override-class=\"null\"><\/div><header class=\"bt_bb_headline bt_bb_subtitle_font_weight_normal bt_bb_dash_none bt_bb_size_extralarge btNoHeadline bt_bb_subheadline bt_bb_align_inherit\" data-bt-override-class=\"{}\"><div class=\"bt_bb_headline_subheadline\">Athroisis is a strategic EU advisory firm that offers a 360\u00b0 unique expertise to help our Clients make the best decisions in a complex and volatile European and international landscape<\/div><\/header><div class=\"bt_bb_separator bt_bb_border_style_none bt_bb_bottom_spacing_50\" data-bt-override-class=\"null\"><\/div><div class=\"bt_bb_button bt_bb_color_scheme_6 bt_bb_icon_position_left bt_bb_style_filled bt_bb_size_normal bt_bb_width_inline bt_bb_shape_inherit bt_bb_target_self bt_bb_align_inherit bt_bb_icon_style_filled btWithIcon\" style=\"; --primary-color:#ffffff; --secondary-color:#193e71;\" data-bt-override-class=\"{&quot;bt_bb_size_&quot;:{&quot;current_class&quot;:&quot;bt_bb_size_normal&quot;,&quot;def&quot;:&quot;normal&quot;,&quot;xl&quot;:&quot;normal&quot;},&quot;bt_bb_align_&quot;:{&quot;current_class&quot;:&quot;bt_bb_align_inherit&quot;,&quot;def&quot;:&quot;inherit&quot;,&quot;xl&quot;:&quot;inherit&quot;}}\"><a href=\"\/fr\/contact\" target=\"_self\" class=\"bt_bb_link\" title=\"R\u00e9server une S\u00e9ance de Strat\u00e9gie\"><span class=\"bt_bb_button_text\" >R\u00e9server une S\u00e9ance de Strat\u00e9gie<\/span><span  data-ico-fontawesome5regular=\"&#xf017;\" class=\"bt_bb_icon_holder\"><\/span><\/a><\/div><div class=\"bt_bb_separator bt_bb_border_style_none bt_bb_bottom_spacing_medium\" data-bt-override-class=\"null\"><\/div><div class=\"bt_bb_separator bt_bb_border_style_none bt_bb_bottom_spacing_normal\" data-bt-override-class=\"null\"><\/div><\/div><\/div><\/div><div  class=\"bt_bb_column col-xxl-4 col-xl-4 col-xs-12 col-sm-12 col-md-12 col-lg-4 bt_bb_vertical_align_top bt_bb_align_left bt_bb_padding_normal\" style=\"; --column-width:4;\" data-width=\"4\" data-bt-override-class=\"{}\"><div class=\"bt_bb_column_content\"><div class=\"bt_bb_column_content_inner\"><\/div><\/div><\/div><\/div><\/div><\/div><\/div><\/div><div class=\"bt_bb_section_bottom_coverage\" ><\/div><\/section><section id=\"bt_bb_section69f5004eb4441\"  class=\"bt_bb_section bt_bb_layout_boxed_1200\"  data-bt-override-class=\"null\"><div class=\"bt_bb_port\"><div class=\"bt_bb_cell\"><div class=\"bt_bb_cell_inner\"><div class=\"bt_bb_row \"  data-bt-override-class=\"{}\"><div class=\"bt_bb_row_holder\" ><div  class=\"bt_bb_column col-xxl-12 col-xl-12 col-xs-12 col-sm-12 col-md-12 col-lg-12 bt_bb_vertical_align_top bt_bb_align_left bt_bb_padding_normal\" style=\"; --column-width:12;\" data-width=\"12\" data-bt-override-class=\"{}\"><div class=\"bt_bb_column_content\"><div class=\"bt_bb_column_content_inner\"><div class=\"bt_bb_separator bt_bb_border_style_none bt_bb_top_spacing_normal bt_bb_bottom_spacing_large\" data-bt-override-class=\"null\"><\/div><div  class=\"bt_bb_text\" ><\/p>\n<h5>Notre site utilise des cookies afin d\u2019acc\u00e9der \u00e0 certaines informations lorsque l\u2019utilisateur\/visiteur navigue sur ses pages.<\/h5>\n<p>Les cookies sont de petits fichiers de texte alphanum\u00e9riques qui sont stock\u00e9s sur le disque dur de l\u2019ordinateur\/de l\u2019appareil de l\u2019utilisateur\/visiteur. Ils ne peuvent acc\u00e8dent \u00e0 aucun autre document ou fichier de l\u2019ordinateur\/de l\u2019appareil. Ils sont utilis\u00e9s pour tenir des statistiques, n\u00e9cessaires pour fournir les services de notre site et faciliter l\u2019acc\u00e8s de l\u2019utilisateur\/visiteur \u00e0 celui-ci, ainsi que pour d\u00e9terminer quels domaines de notre site peuvent \u00eatre plus utiles ou appr\u00e9ci\u00e9s. De plus, ils nous aident dans le domaine du marketing. Les cookies peuvent \u00e9galement enregistrer l\u2019adresse IP de l\u2019ordinateur\/de l\u2019appareil de l\u2019utilisateur\/visiteur, encore une fois pour la collecte de statistiques.<\/p>\n<p>Si vous ne souhaitez aucune collecte d\u2019information par le biais de cookies, vous pouvez utiliser les param\u00e8tres de votre navigateur afin de supprimer les cookies d\u00e9j\u00e0 existants. En outre, vous pouvez choisir d\u2019accepter ou de refuser automatiquement les cookies, ou de d\u00e9cider pour chaque cookie individuellement. Dans le cas o\u00f9 vous n\u2019accepteriez pas l\u2019utilisation de cookies par notre site, vous pourriez rencontrer des difficult\u00e9s d\u2019acc\u00e8s \u00e0 tout ou partie de son service et votre navigation dans ses pages pourrait s\u2019av\u00e9rer difficile voire, dans certains cas, impossible.<\/p>\n<hr \/>\n<p><em>Remarque: La politique ci-dessus est conforme au R\u00e8glement g\u00e9n\u00e9ral sur la protection des donn\u00e9es (RGPD).<\/em><\/p>\n<p>\n<\/div><div class=\"bt_bb_separator bt_bb_border_style_none bt_bb_top_spacing_normal bt_bb_bottom_spacing_normal\" data-bt-override-class=\"null\"><\/div><\/div><\/div><\/div><\/div><\/div><\/div><\/div><\/div><\/section><\/p>\n","protected":false},"excerpt":{"rendered":"","protected":false},"author":4,"featured_media":0,"parent":0,"menu_order":0,"comment_status":"closed","ping_status":"closed","template":"","meta":{"footnotes":""},"class_list":["post-4083","page","type-page","status-publish","hentry"],"yoast_head":"<!-- This site is optimized with the Yoast SEO plugin v26.9 - https:\/\/yoast.com\/product\/yoast-seo-wordpress\/ -->\n<title>Strategic European Affairs - Athroisis<\/title>\n<meta name=\"description\" content=\"Athroisis is a strategic EU advisory firm that offers a 360\u00b0 unique expertise to help our Clients make the best decisions in a complex and volatile European and international landscape.\" \/>\n<meta name=\"robots\" content=\"index, follow, max-snippet:-1, max-image-preview:large, max-video-preview:-1\" \/>\n<link rel=\"canonical\" href=\"https:\/\/www.athroisis.eu\/fr\/use-of-cookies\/\" \/>\n<meta property=\"og:locale\" content=\"fr_FR\" \/>\n<meta property=\"og:type\" content=\"article\" \/>\n<meta property=\"og:title\" content=\"Strategic European Affairs - Athroisis\" \/>\n<meta property=\"og:description\" content=\"Athroisis is a strategic EU advisory firm that offers a 360\u00b0 unique expertise to help our Clients make the best decisions in a complex and volatile European and international landscape.\" \/>\n<meta property=\"og:url\" content=\"https:\/\/www.athroisis.eu\/fr\/use-of-cookies\/\" \/>\n<meta property=\"og:site_name\" content=\"Athroisis\" \/>\n<meta property=\"article:modified_time\" content=\"2021-07-16T08:45:35+00:00\" \/>\n<meta name=\"twitter:card\" content=\"summary_large_image\" \/>\n<meta name=\"twitter:label1\" content=\"Dur\u00e9e de lecture estim\u00e9e\" \/>\n\t<meta name=\"twitter:data1\" content=\"5 minutes\" \/>\n<script type=\"application\/ld+json\" class=\"yoast-schema-graph\">{\"@context\":\"https:\/\/schema.org\",\"@graph\":[{\"@type\":\"WebPage\",\"@id\":\"https:\/\/www.athroisis.eu\/fr\/use-of-cookies\/\",\"url\":\"https:\/\/www.athroisis.eu\/fr\/use-of-cookies\/\",\"name\":\"Strategic European Affairs - Athroisis\",\"isPartOf\":{\"@id\":\"https:\/\/www.athroisis.eu\/#website\"},\"datePublished\":\"2021-06-10T16:17:11+00:00\",\"dateModified\":\"2021-07-16T08:45:35+00:00\",\"description\":\"Athroisis is a strategic EU advisory firm that offers a 360\u00b0 unique expertise to help our Clients make the best decisions in a complex and volatile European and international landscape.\",\"breadcrumb\":{\"@id\":\"https:\/\/www.athroisis.eu\/fr\/use-of-cookies\/#breadcrumb\"},\"inLanguage\":\"fr-FR\",\"potentialAction\":[{\"@type\":\"ReadAction\",\"target\":[\"https:\/\/www.athroisis.eu\/fr\/use-of-cookies\/\"]}]},{\"@type\":\"BreadcrumbList\",\"@id\":\"https:\/\/www.athroisis.eu\/fr\/use-of-cookies\/#breadcrumb\",\"itemListElement\":[{\"@type\":\"ListItem\",\"position\":1,\"name\":\"Home\",\"item\":\"https:\/\/www.athroisis.eu\/fr\/\"},{\"@type\":\"ListItem\",\"position\":2,\"name\":\"Utilisation des cookies\"}]},{\"@type\":\"WebSite\",\"@id\":\"https:\/\/www.athroisis.eu\/#website\",\"url\":\"https:\/\/www.athroisis.eu\/\",\"name\":\"Athroisis\",\"description\":\"Strategic EU Advisory Firm\",\"publisher\":{\"@id\":\"https:\/\/www.athroisis.eu\/#organization\"},\"potentialAction\":[{\"@type\":\"SearchAction\",\"target\":{\"@type\":\"EntryPoint\",\"urlTemplate\":\"https:\/\/www.athroisis.eu\/?s={search_term_string}\"},\"query-input\":{\"@type\":\"PropertyValueSpecification\",\"valueRequired\":true,\"valueName\":\"search_term_string\"}}],\"inLanguage\":\"fr-FR\"},{\"@type\":\"Organization\",\"@id\":\"https:\/\/www.athroisis.eu\/#organization\",\"name\":\"Athroisis\",\"url\":\"https:\/\/www.athroisis.eu\/\",\"logo\":{\"@type\":\"ImageObject\",\"inLanguage\":\"fr-FR\",\"@id\":\"https:\/\/www.athroisis.eu\/#\/schema\/logo\/image\/\",\"url\":\"https:\/\/www.athroisis.eu\/wp-content\/uploads\/cs-logo.png\",\"contentUrl\":\"https:\/\/www.athroisis.eu\/wp-content\/uploads\/cs-logo.png\",\"width\":700,\"height\":512,\"caption\":\"Athroisis\"},\"image\":{\"@id\":\"https:\/\/www.athroisis.eu\/#\/schema\/logo\/image\/\"}}]}<\/script>\n<!-- \/ Yoast SEO plugin. -->","yoast_head_json":{"title":"Strategic European Affairs - Athroisis","description":"Athroisis is a strategic EU advisory firm that offers a 360\u00b0 unique expertise to help our Clients make the best decisions in a complex and volatile European and international landscape.","robots":{"index":"index","follow":"follow","max-snippet":"max-snippet:-1","max-image-preview":"max-image-preview:large","max-video-preview":"max-video-preview:-1"},"canonical":"https:\/\/www.athroisis.eu\/fr\/use-of-cookies\/","og_locale":"fr_FR","og_type":"article","og_title":"Strategic European Affairs - Athroisis","og_description":"Athroisis is a strategic EU advisory firm that offers a 360\u00b0 unique expertise to help our Clients make the best decisions in a complex and volatile European and international landscape.","og_url":"https:\/\/www.athroisis.eu\/fr\/use-of-cookies\/","og_site_name":"Athroisis","article_modified_time":"2021-07-16T08:45:35+00:00","twitter_card":"summary_large_image","twitter_misc":{"Dur\u00e9e de lecture estim\u00e9e":"5 minutes"},"schema":{"@context":"https:\/\/schema.org","@graph":[{"@type":"WebPage","@id":"https:\/\/www.athroisis.eu\/fr\/use-of-cookies\/","url":"https:\/\/www.athroisis.eu\/fr\/use-of-cookies\/","name":"Strategic European Affairs - Athroisis","isPartOf":{"@id":"https:\/\/www.athroisis.eu\/#website"},"datePublished":"2021-06-10T16:17:11+00:00","dateModified":"2021-07-16T08:45:35+00:00","description":"Athroisis is a strategic EU advisory firm that offers a 360\u00b0 unique expertise to help our Clients make the best decisions in a complex and volatile European and international landscape.","breadcrumb":{"@id":"https:\/\/www.athroisis.eu\/fr\/use-of-cookies\/#breadcrumb"},"inLanguage":"fr-FR","potentialAction":[{"@type":"ReadAction","target":["https:\/\/www.athroisis.eu\/fr\/use-of-cookies\/"]}]},{"@type":"BreadcrumbList","@id":"https:\/\/www.athroisis.eu\/fr\/use-of-cookies\/#breadcrumb","itemListElement":[{"@type":"ListItem","position":1,"name":"Home","item":"https:\/\/www.athroisis.eu\/fr\/"},{"@type":"ListItem","position":2,"name":"Utilisation des cookies"}]},{"@type":"WebSite","@id":"https:\/\/www.athroisis.eu\/#website","url":"https:\/\/www.athroisis.eu\/","name":"Athroisis","description":"Strategic EU Advisory Firm","publisher":{"@id":"https:\/\/www.athroisis.eu\/#organization"},"potentialAction":[{"@type":"SearchAction","target":{"@type":"EntryPoint","urlTemplate":"https:\/\/www.athroisis.eu\/?s={search_term_string}"},"query-input":{"@type":"PropertyValueSpecification","valueRequired":true,"valueName":"search_term_string"}}],"inLanguage":"fr-FR"},{"@type":"Organization","@id":"https:\/\/www.athroisis.eu\/#organization","name":"Athroisis","url":"https:\/\/www.athroisis.eu\/","logo":{"@type":"ImageObject","inLanguage":"fr-FR","@id":"https:\/\/www.athroisis.eu\/#\/schema\/logo\/image\/","url":"https:\/\/www.athroisis.eu\/wp-content\/uploads\/cs-logo.png","contentUrl":"https:\/\/www.athroisis.eu\/wp-content\/uploads\/cs-logo.png","width":700,"height":512,"caption":"Athroisis"},"image":{"@id":"https:\/\/www.athroisis.eu\/#\/schema\/logo\/image\/"}}]}},"_links":{"self":[{"href":"https:\/\/www.athroisis.eu\/fr\/wp-json\/wp\/v2\/pages\/4083","targetHints":{"allow":["GET"]}}],"collection":[{"href":"https:\/\/www.athroisis.eu\/fr\/wp-json\/wp\/v2\/pages"}],"about":[{"href":"https:\/\/www.athroisis.eu\/fr\/wp-json\/wp\/v2\/types\/page"}],"author":[{"embeddable":true,"href":"https:\/\/www.athroisis.eu\/fr\/wp-json\/wp\/v2\/users\/4"}],"replies":[{"embeddable":true,"href":"https:\/\/www.athroisis.eu\/fr\/wp-json\/wp\/v2\/comments?post=4083"}],"version-history":[{"count":3,"href":"https:\/\/www.athroisis.eu\/fr\/wp-json\/wp\/v2\/pages\/4083\/revisions"}],"predecessor-version":[{"id":4112,"href":"https:\/\/www.athroisis.eu\/fr\/wp-json\/wp\/v2\/pages\/4083\/revisions\/4112"}],"wp:attachment":[{"href":"https:\/\/www.athroisis.eu\/fr\/wp-json\/wp\/v2\/media?parent=4083"}],"curies":[{"name":"wp","href":"https:\/\/api.w.org\/{rel}","templated":true}]}}